{"id":44,"date":"2025-07-04T22:24:24","date_gmt":"2025-07-04T20:24:24","guid":{"rendered":"https:\/\/worldpress.ergolouny.cz\/?page_id=44"},"modified":"2025-07-08T22:01:24","modified_gmt":"2025-07-08T20:01:24","slug":"kontakty","status":"publish","type":"page","link":"https:\/\/www.ergolouny.cz\/?page_id=44","title":{"rendered":"Kontakty"},"content":{"rendered":"\t\t<div data-elementor-type=\"wp-page\" data-elementor-id=\"44\" class=\"elementor elementor-44\">\n\t\t\t\t<div class=\"elementor-element elementor-element-22568a4 e-flex e-con-boxed e-con e-parent\" data-id=\"22568a4\" data-element_type=\"container\">\n\t\t\t\t\t<div class=\"e-con-inner\">\n\t\t\t\t<div class=\"elementor-element elementor-element-deed27f elementor-widget elementor-widget-heading\" data-id=\"deed27f\" data-element_type=\"widget\" data-widget_type=\"heading.default\">\n\t\t\t\t\t<h2 class=\"elementor-heading-title elementor-size-default\">Kontakty:<\/h2>\t\t\t\t<\/div>\n\t\t\t\t<div class=\"elementor-element elementor-element-7908966 elementor-widget elementor-widget-text-editor\" data-id=\"7908966\" data-element_type=\"widget\" data-widget_type=\"text-editor.default\">\n\t\t\t\t\t\t\t\t\t<p>\u00a0<\/p><h4><span style=\"color: #000000;\">Ergoterapie:<\/span><\/h4><h4>Bc. Zdena Ho\u0161kov\u00e1<\/h4><h4>Samostatn\u00fd specialista<\/h4><h4>Tel: <strong>+420 720 743 926<\/strong><\/h4><h4>e-mail:<strong> ergolouny@seznam.cz<\/strong><\/h4><p><span style=\"color: #ff0000;\"><strong>Pro objedn\u00e1n\u00ed<\/strong> volejte na uveden\u00e9 tel. \u010d\u00edslo v pracovn\u00ed dny od <strong>8:00 &#8211; 16:00 hod.<\/strong><\/span><\/p><p>V p\u0159\u00edpad\u011b nep\u0159ijet\u00ed hovoru zanechte SMS nebo napi\u0161te e-mail. D\u011bkuji<\/p><p>Objedn\u00e1n\u00edm souhlas\u00edte s GDPR.<\/p><p>\u00a0<\/p><h5>Poliklinika Louny<\/h5><h5>Pod nemocnic\u00ed 2503<\/h5><h5>Louny 440 01<\/h5><h6 style=\"text-align: left;\">4. patro\u00a0<\/h6><h6 style=\"text-align: left;\">\u010d.dve\u0159\u00ed: 443<\/h6>\t\t\t\t\t\t\t\t<\/div>\n\t\t\t\t<div class=\"elementor-element elementor-element-7de3ee2 elementor-widget elementor-widget-google_maps\" data-id=\"7de3ee2\" data-element_type=\"widget\" data-widget_type=\"google_maps.default\">\n\t\t\t\t\t\t\t<div class=\"elementor-custom-embed\">\n\t\t\t<iframe loading=\"lazy\"\n\t\t\t\t\tsrc=\"https:\/\/maps.google.com\/maps?q=louny%20pod%20nemocnic%C3%AD%202503&#038;t=m&#038;z=10&#038;output=embed&#038;iwloc=near\"\n\t\t\t\t\ttitle=\"louny pod nemocnic\u00ed 2503\"\n\t\t\t\t\taria-label=\"louny pod nemocnic\u00ed 2503\"\n\t\t\t><\/iframe>\n\t\t<\/div>\n\t\t\t\t\t\t<\/div>\n\t\t\t\t\t<\/div>\n\t\t\t\t<\/div>\n\t\t<div class=\"elementor-element elementor-element-73d48ac e-flex e-con-boxed e-con e-parent\" data-id=\"73d48ac\" data-element_type=\"container\">\n\t\t\t\t\t<div class=\"e-con-inner\">\n\t\t\t\t<div class=\"elementor-element elementor-element-ca0f4f4 elementor-grid-6 e-grid-align-left elementor-shape-rounded elementor-widget elementor-widget-social-icons\" data-id=\"ca0f4f4\" data-element_type=\"widget\" data-widget_type=\"social-icons.default\">\n\t\t\t\t\t\t\t<div class=\"elementor-social-icons-wrapper elementor-grid\" role=\"list\">\n\t\t\t\t\t\t\t<span class=\"elementor-grid-item\" role=\"listitem\">\n\t\t\t\t\t<a class=\"elementor-icon elementor-social-icon elementor-social-icon-facebook elementor-animation-buzz elementor-repeater-item-0baecc7\" href=\"https:\/\/www.facebook.com\/share\/1CER6J7uuN\/\" target=\"_blank\">\n\t\t\t\t\t\t<span class=\"elementor-screen-only\">Facebook<\/span>\n\t\t\t\t\t\t<svg class=\"e-font-icon-svg e-fab-facebook\" viewBox=\"0 0 512 512\" xmlns=\"http:\/\/www.w3.org\/2000\/svg\"><path d=\"M504 256C504 119 393 8 256 8S8 119 8 256c0 123.78 90.69 226.38 209.25 245V327.69h-63V256h63v-54.64c0-62.15 37-96.48 93.67-96.48 27.14 0 55.52 4.84 55.52 4.84v61h-31.28c-30.8 0-40.41 19.12-40.41 38.73V256h68.78l-11 71.69h-57.78V501C413.31 482.38 504 379.78 504 256z\"><\/path><\/svg>\t\t\t\t\t<\/a>\n\t\t\t\t<\/span>\n\t\t\t\t\t\t\t<span class=\"elementor-grid-item\" role=\"listitem\">\n\t\t\t\t\t<a class=\"elementor-icon elementor-social-icon elementor-social-icon-instagram elementor-animation-buzz elementor-repeater-item-155788e\" href=\"https:\/\/www.instagram.com\/ergolouny\/\" target=\"_blank\">\n\t\t\t\t\t\t<span class=\"elementor-screen-only\">Instagram<\/span>\n\t\t\t\t\t\t<svg class=\"e-font-icon-svg e-fab-instagram\" viewBox=\"0 0 448 512\" xmlns=\"http:\/\/www.w3.org\/2000\/svg\"><path d=\"M224.1 141c-63.6 0-114.9 51.3-114.9 114.9s51.3 114.9 114.9 114.9S339 319.5 339 255.9 287.7 141 224.1 141zm0 189.6c-41.1 0-74.7-33.5-74.7-74.7s33.5-74.7 74.7-74.7 74.7 33.5 74.7 74.7-33.6 74.7-74.7 74.7zm146.4-194.3c0 14.9-12 26.8-26.8 26.8-14.9 0-26.8-12-26.8-26.8s12-26.8 26.8-26.8 26.8 12 26.8 26.8zm76.1 27.2c-1.7-35.9-9.9-67.7-36.2-93.9-26.2-26.2-58-34.4-93.9-36.2-37-2.1-147.9-2.1-184.9 0-35.8 1.7-67.6 9.9-93.9 36.1s-34.4 58-36.2 93.9c-2.1 37-2.1 147.9 0 184.9 1.7 35.9 9.9 67.7 36.2 93.9s58 34.4 93.9 36.2c37 2.1 147.9 2.1 184.9 0 35.9-1.7 67.7-9.9 93.9-36.2 26.2-26.2 34.4-58 36.2-93.9 2.1-37 2.1-147.8 0-184.8zM398.8 388c-7.8 19.6-22.9 34.7-42.6 42.6-29.5 11.7-99.5 9-132.1 9s-102.7 2.6-132.1-9c-19.6-7.8-34.7-22.9-42.6-42.6-11.7-29.5-9-99.5-9-132.1s-2.6-102.7 9-132.1c7.8-19.6 22.9-34.7 42.6-42.6 29.5-11.7 99.5-9 132.1-9s102.7-2.6 132.1 9c19.6 7.8 34.7 22.9 42.6 42.6 11.7 29.5 9 99.5 9 132.1s2.7 102.7-9 132.1z\"><\/path><\/svg>\t\t\t\t\t<\/a>\n\t\t\t\t<\/span>\n\t\t\t\t\t<\/div>\n\t\t\t\t\t\t<\/div>\n\t\t\t\t\t<\/div>\n\t\t\t\t<\/div>\n\t\t<div class=\"elementor-element elementor-element-14c8d5a e-flex e-con-boxed e-con e-parent\" data-id=\"14c8d5a\" data-element_type=\"container\">\n\t\t\t\t\t<div class=\"e-con-inner\">\n\t\t\t\t\t<\/div>\n\t\t\t\t<\/div>\n\t\t<div class=\"elementor-element elementor-element-0fc02e8 e-flex e-con-boxed e-con e-parent\" data-id=\"0fc02e8\" data-element_type=\"container\">\n\t\t\t\t\t<div class=\"e-con-inner\">\n\t\t\t\t<div class=\"elementor-element elementor-element-113cb9f elementor-widget elementor-widget-image\" data-id=\"113cb9f\" data-element_type=\"widget\" data-widget_type=\"image.default\">\n\t\t\t\t\t\t\t\t\t\t\t\t\t\t\t<img decoding=\"async\" src=\"https:\/\/www.ergolouny.cz\/wp-content\/plugins\/elementor\/assets\/images\/placeholder.png\" title=\"\" alt=\"\" loading=\"lazy\" \/>\t\t\t\t\t\t\t\t\t\t\t\t\t\t\t<\/div>\n\t\t\t\t\t<\/div>\n\t\t\t\t<\/div>\n\t\t\t\t<\/div>\n\t\t","protected":false},"excerpt":{"rendered":"<p>Kontakty: \u00a0 Ergoterapie: Bc. Zdena Ho\u0161kov\u00e1 Samostatn\u00fd specialista Tel: +420 720 743 926 e-mail: ergolouny@seznam.cz Pro objedn\u00e1n\u00ed volejte na uveden\u00e9 tel. \u010d\u00edslo v pracovn\u00ed dny od 8:00 &#8211; 16:00 hod. V p\u0159\u00edpad\u011b nep\u0159ijet\u00ed hovoru zanechte SMS nebo napi\u0161te e-mail. D\u011bkuji Objedn\u00e1n\u00edm souhlas\u00edte s GDPR. \u00a0 Poliklinika Louny Pod nemocnic\u00ed 2503 Louny 440 01 4. patro\u00a0<\/p>\n<div class=\"more-link\">\n\t\t\t\t <a href=\"https:\/\/www.ergolouny.cz\/?page_id=44\" class=\"link-btn theme-btn\"><span>Read More <\/span> <i class=\"fa fa-caret-right\"><\/i><\/a>\n\t\t\t<\/div>\n","protected":false},"author":1,"featured_media":0,"parent":0,"menu_order":7,"comment_status":"closed","ping_status":"closed","template":"","meta":{"footnotes":""},"class_list":["post-44","page","type-page","status-publish","hentry"],"_links":{"self":[{"href":"https:\/\/www.ergolouny.cz\/index.php?rest_route=\/wp\/v2\/pages\/44","targetHints":{"allow":["GET"]}}],"collection":[{"href":"https:\/\/www.ergolouny.cz\/index.php?rest_route=\/wp\/v2\/pages"}],"about":[{"href":"https:\/\/www.ergolouny.cz\/index.php?rest_route=\/wp\/v2\/types\/page"}],"author":[{"embeddable":true,"href":"https:\/\/www.ergolouny.cz\/index.php?rest_route=\/wp\/v2\/users\/1"}],"replies":[{"embeddable":true,"href":"https:\/\/www.ergolouny.cz\/index.php?rest_route=%2Fwp%2Fv2%2Fcomments&post=44"}],"version-history":[{"count":51,"href":"https:\/\/www.ergolouny.cz\/index.php?rest_route=\/wp\/v2\/pages\/44\/revisions"}],"predecessor-version":[{"id":417,"href":"https:\/\/www.ergolouny.cz\/index.php?rest_route=\/wp\/v2\/pages\/44\/revisions\/417"}],"wp:attachment":[{"href":"https:\/\/www.ergolouny.cz\/index.php?rest_route=%2Fwp%2Fv2%2Fmedia&parent=44"}],"curies":[{"name":"wp","href":"https:\/\/api.w.org\/{rel}","templated":true}]}}