{"id":42,"date":"2025-07-04T22:24:09","date_gmt":"2025-07-04T20:24:09","guid":{"rendered":"https:\/\/worldpress.ergolouny.cz\/?page_id=42"},"modified":"2025-12-28T22:42:39","modified_gmt":"2025-12-28T21:42:39","slug":"cenik","status":"publish","type":"page","link":"https:\/\/www.ergolouny.cz\/?page_id=42","title":{"rendered":"Cen\u00edk"},"content":{"rendered":"\t\t<div data-elementor-type=\"wp-page\" data-elementor-id=\"42\" class=\"elementor elementor-42\">\n\t\t\t\t<div class=\"elementor-element elementor-element-652824b e-flex e-con-boxed e-con e-parent\" data-id=\"652824b\" data-element_type=\"container\">\n\t\t\t\t\t<div class=\"e-con-inner\">\n\t\t\t\t<div class=\"elementor-element elementor-element-41cd3ec elementor-widget elementor-widget-heading\" data-id=\"41cd3ec\" data-element_type=\"widget\" data-widget_type=\"heading.default\">\n\t\t\t\t\t<h2 class=\"elementor-heading-title elementor-size-default\">Cen\u00edk:<\/h2>\t\t\t\t<\/div>\n\t\t\t\t<div class=\"elementor-element elementor-element-9258d62 elementor-widget elementor-widget-text-editor\" data-id=\"9258d62\" data-element_type=\"widget\" data-widget_type=\"text-editor.default\">\n\t\t\t\t\t\t\t\t\t<h4 style=\"text-align: left;\"><span style=\"color: #ff0000;\">\u00a0 \u00a0 \u00a0\u00a0<\/span><\/h4><h4>\u00a0<\/h4><h4 style=\"padding-left: 40px; text-align: left;\">Vstupn\u00ed ergoterapeutick\u00e9 vy\u0161et\u0159en\u00ed, 60min:\u00a0 \u00a0 \u00a0 1500k\u010d<\/h4><h4 style=\"padding-left: 40px; text-align: left;\">Individu\u00e1ln\u00ed ergoterapie, 60 min:\u00a0 \u00a0 \u00a0 \u00a0 \u00a0 \u00a0 \u00a0 \u00a0 \u00a0 \u00a0 \u00a0 \u00a0 \u00a01000k\u010d<\/h4><h4>\u00a0 \u00a0 \u00a0 \u00a0Individu\u00e1ln\u00ed ergoterapie, 30 min:\u00a0 \u00a0 \u00a0 \u00a0 \u00a0 \u00a0 \u00a0 \u00a0 \u00a0 \u00a0 \u00a0 \u00a0 \u00a0 500k\u010d<\/h4><h4>\u00a0 \u00a0 \u00a0 \u00a0Kontroln\u00ed vy\u0161et\u0159en\u00ed ka\u017ed\u00e9 3m\u011bs\u00edce, 30 min:\u00a0 \u00a0 \u00a0 \u00a0800k\u010d\u00a0 \u00a0 \u00a0 \u00a0 \u00a0 \u00a0 \u00a0 \u00a0 \u00a0 \u00a0 \u00a0 \u00a0 \u00a0 \u00a0 \u00a0 \u00a0 \u00a0 \u00a0 \u00a0 \u00a0 \u00a0 \u00a0 \u00a0 \u00a0<\/h4><h3>\u00a0 \u00a0<\/h3><h4 style=\"padding-left: 40px; text-align: left;\">Zpr\u00e1va:\u00a0 \u00a0 \u00a0 \u00a0 \u00a0 \u00a0 \u00a0 \u00a0 \u00a0 \u00a0 \u00a0 \u00a0 \u00a0 \u00a0 \u00a0 \u00a0 \u00a0 \u00a0 \u00a0 \u00a0 \u00a0 \u00a0 \u00a0 \u00a0 \u00a0 \u00a0 \u00a0 \u00a0 \u00a0 \u00a0 \u00a0 \u00a0 \u00a0 \u00a0 \u00a0 500k\u010d<\/h4><h4 style=\"text-align: left;\">\u00a0 \u00a0 \u00a0<\/h4><h4 style=\"text-align: left;\">\u00a0 \u00a0 \u00a0 \u00a0Poradenstv\u00ed, v\u00fdb\u011br kompenza\u010dn\u00ed pom\u016fcky:\u00a0 \u00a0 \u00a0 \u00a0 300k\u010d<\/h4><h3>\u00a0<\/h3><p><strong>\u00a0 \u00a0Terapie se hrad\u00ed p\u0159edem, bezhotovostn\u011b, na z\u00e1klad\u011b e-mailem zaslan\u00e9 faktury.<\/strong><\/p><h4><span style=\"color: #ff6600;\">V p\u0159\u00edpad\u011b pot\u0159eby v\u00e1m pom\u016f\u017eu se sehn\u00e1n\u00edm prost\u0159edk\u016f na terapii.<\/span><\/h4><h4>Storno podm\u00ednky:<\/h4><ul><li>Pokud klient zru\u0161\u00ed terapii<span style=\"color: #ff0000;\"><strong> v\u00edce<\/strong><\/span> ne\u017e 24h p\u0159ed za\u010d\u00e1tkem terapie, fakturovan\u00e1 \u010d\u00e1stka se p\u0159ev\u00e1d\u00ed na dal\u0161\u00ed terapii<\/li><li><p>Pokud klient zru\u0161\u00ed terapii <span style=\"color: #ff0000;\"><strong>m\u00e9n\u011b<\/strong><\/span> ne\u017e 24h p\u0159ed za\u010d\u00e1tkem terapie nebo se nedostav\u00ed, fakturovan\u00e1 <span style=\"color: #ff0000;\"><strong>\u010d\u00e1stka se nevrac\u00ed ani nep\u0159ev\u00e1d\u00ed.<\/strong><\/span><\/p><\/li><\/ul>\t\t\t\t\t\t\t\t<\/div>\n\t\t\t\t\t<\/div>\n\t\t\t\t<\/div>\n\t\t\t\t<\/div>\n\t\t","protected":false},"excerpt":{"rendered":"<p>Cen\u00edk: \u00a0 \u00a0 \u00a0\u00a0 \u00a0 Vstupn\u00ed ergoterapeutick\u00e9 vy\u0161et\u0159en\u00ed, 60min:\u00a0 \u00a0 \u00a0 1500k\u010d Individu\u00e1ln\u00ed ergoterapie, 60 min:\u00a0 \u00a0 \u00a0 \u00a0 \u00a0 \u00a0 \u00a0 \u00a0 \u00a0 \u00a0 \u00a0 \u00a0 \u00a01000k\u010d \u00a0 \u00a0 \u00a0 \u00a0Individu\u00e1ln\u00ed ergoterapie, 30 min:\u00a0 \u00a0 \u00a0 \u00a0 \u00a0 \u00a0 \u00a0 \u00a0 \u00a0 \u00a0 \u00a0 \u00a0 \u00a0 500k\u010d \u00a0 \u00a0 \u00a0 \u00a0Kontroln\u00ed vy\u0161et\u0159en\u00ed ka\u017ed\u00e9 3m\u011bs\u00edce,<\/p>\n<div class=\"more-link\">\n\t\t\t\t <a href=\"https:\/\/www.ergolouny.cz\/?page_id=42\" class=\"link-btn theme-btn\"><span>Read More <\/span> <i class=\"fa fa-caret-right\"><\/i><\/a>\n\t\t\t<\/div>\n","protected":false},"author":1,"featured_media":0,"parent":0,"menu_order":6,"comment_status":"closed","ping_status":"closed","template":"","meta":{"footnotes":""},"class_list":["post-42","page","type-page","status-publish","hentry"],"_links":{"self":[{"href":"https:\/\/www.ergolouny.cz\/index.php?rest_route=\/wp\/v2\/pages\/42","targetHints":{"allow":["GET"]}}],"collection":[{"href":"https:\/\/www.ergolouny.cz\/index.php?rest_route=\/wp\/v2\/pages"}],"about":[{"href":"https:\/\/www.ergolouny.cz\/index.php?rest_route=\/wp\/v2\/types\/page"}],"author":[{"embeddable":true,"href":"https:\/\/www.ergolouny.cz\/index.php?rest_route=\/wp\/v2\/users\/1"}],"replies":[{"embeddable":true,"href":"https:\/\/www.ergolouny.cz\/index.php?rest_route=%2Fwp%2Fv2%2Fcomments&post=42"}],"version-history":[{"count":45,"href":"https:\/\/www.ergolouny.cz\/index.php?rest_route=\/wp\/v2\/pages\/42\/revisions"}],"predecessor-version":[{"id":436,"href":"https:\/\/www.ergolouny.cz\/index.php?rest_route=\/wp\/v2\/pages\/42\/revisions\/436"}],"wp:attachment":[{"href":"https:\/\/www.ergolouny.cz\/index.php?rest_route=%2Fwp%2Fv2%2Fmedia&parent=42"}],"curies":[{"name":"wp","href":"https:\/\/api.w.org\/{rel}","templated":true}]}}