{"id":28,"date":"2025-07-04T22:15:39","date_gmt":"2025-07-04T20:15:39","guid":{"rendered":"https:\/\/worldpress.ergolouny.cz\/?page_id=28"},"modified":"2025-07-05T15:45:41","modified_gmt":"2025-07-05T13:45:41","slug":"uvod","status":"publish","type":"page","link":"https:\/\/www.ergolouny.cz\/","title":{"rendered":"\u00davod"},"content":{"rendered":"\t\t<div data-elementor-type=\"wp-page\" data-elementor-id=\"28\" class=\"elementor elementor-28\">\n\t\t\t\t<div class=\"elementor-element elementor-element-e4c627f e-flex e-con-boxed e-con e-parent\" data-id=\"e4c627f\" data-element_type=\"container\">\n\t\t\t\t\t<div class=\"e-con-inner\">\n\t\t\t\t<div class=\"elementor-element elementor-element-8228876 elementor-widget elementor-widget-heading\" data-id=\"8228876\" data-element_type=\"widget\" data-widget_type=\"heading.default\">\n\t\t\t\t\t<h2 class=\"elementor-heading-title elementor-size-default\">\u00davod:<\/h2>\t\t\t\t<\/div>\n\t\t\t\t<div class=\"elementor-element elementor-element-c2fb357 elementor-widget elementor-widget-text-editor\" data-id=\"c2fb357\" data-element_type=\"widget\" data-widget_type=\"text-editor.default\">\n\t\t\t\t\t\t\t\t\t<h3>\u00a0<\/h3><h3>Co je to ergoterapie?<\/h3><p>Ergoterapie je zdravotnick\u00fd obor, kter\u00fd pom\u00e1h\u00e1 jedinci obnovovat \u010di jinak rozv\u00edjet schopnosti na nejvy\u0161\u0161\u00ed mo\u017enou \u00farove\u0148.<\/p><h4><strong>C\u00edlem ergoterapie je co nejvy\u0161\u0161\u00ed mo\u017en\u00e1 m\u00edra sob\u011bsta\u010dnosti.<\/strong><\/h4>\t\t\t\t\t\t\t\t<\/div>\n\t\t\t\t\t<\/div>\n\t\t\t\t<\/div>\n\t\t<div class=\"elementor-element elementor-element-830a4fd e-flex e-con-boxed e-con e-parent\" data-id=\"830a4fd\" data-element_type=\"container\">\n\t\t\t\t\t<div class=\"e-con-inner\">\n\t\t\t\t<div class=\"elementor-element elementor-element-ace3a9a elementor-widget elementor-widget-image\" data-id=\"ace3a9a\" data-element_type=\"widget\" data-widget_type=\"image.default\">\n\t\t\t\t\t\t\t\t\t\t\t\t\t\t\t<img fetchpriority=\"high\" decoding=\"async\" width=\"640\" height=\"480\" src=\"https:\/\/www.ergolouny.cz\/wp-content\/uploads\/2025\/07\/26-scaled-1-1024x768.jpg\" class=\"attachment-large size-large wp-image-55\" alt=\"\" srcset=\"https:\/\/www.ergolouny.cz\/wp-content\/uploads\/2025\/07\/26-scaled-1-1024x768.jpg 1024w, https:\/\/www.ergolouny.cz\/wp-content\/uploads\/2025\/07\/26-scaled-1-300x225.jpg 300w, https:\/\/www.ergolouny.cz\/wp-content\/uploads\/2025\/07\/26-scaled-1-768x576.jpg 768w, https:\/\/www.ergolouny.cz\/wp-content\/uploads\/2025\/07\/26-scaled-1-1536x1152.jpg 1536w, https:\/\/www.ergolouny.cz\/wp-content\/uploads\/2025\/07\/26-scaled-1-2048x1536.jpg 2048w\" sizes=\"(max-width: 640px) 100vw, 640px\" \/>\t\t\t\t\t\t\t\t\t\t\t\t\t\t\t<\/div>\n\t\t\t\t\t<\/div>\n\t\t\t\t<\/div>\n\t\t<div class=\"elementor-element elementor-element-d184ff1 e-flex e-con-boxed e-con e-parent\" data-id=\"d184ff1\" data-element_type=\"container\">\n\t\t\t\t\t<div class=\"e-con-inner\">\n\t\t\t\t\t<\/div>\n\t\t\t\t<\/div>\n\t\t\t\t<\/div>\n\t\t","protected":false},"excerpt":{"rendered":"<p>\u00davod: \u00a0 Co je to ergoterapie? Ergoterapie je zdravotnick\u00fd obor, kter\u00fd pom\u00e1h\u00e1 jedinci obnovovat \u010di jinak rozv\u00edjet schopnosti na nejvy\u0161\u0161\u00ed mo\u017enou \u00farove\u0148. C\u00edlem ergoterapie je co nejvy\u0161\u0161\u00ed mo\u017en\u00e1 m\u00edra sob\u011bsta\u010dnosti.<\/p>\n","protected":false},"author":1,"featured_media":0,"parent":0,"menu_order":1,"comment_status":"closed","ping_status":"closed","template":"","meta":{"footnotes":""},"class_list":["post-28","page","type-page","status-publish","hentry"],"_links":{"self":[{"href":"https:\/\/www.ergolouny.cz\/index.php?rest_route=\/wp\/v2\/pages\/28","targetHints":{"allow":["GET"]}}],"collection":[{"href":"https:\/\/www.ergolouny.cz\/index.php?rest_route=\/wp\/v2\/pages"}],"about":[{"href":"https:\/\/www.ergolouny.cz\/index.php?rest_route=\/wp\/v2\/types\/page"}],"author":[{"embeddable":true,"href":"https:\/\/www.ergolouny.cz\/index.php?rest_route=\/wp\/v2\/users\/1"}],"replies":[{"embeddable":true,"href":"https:\/\/www.ergolouny.cz\/index.php?rest_route=%2Fwp%2Fv2%2Fcomments&post=28"}],"version-history":[{"count":6,"href":"https:\/\/www.ergolouny.cz\/index.php?rest_route=\/wp\/v2\/pages\/28\/revisions"}],"predecessor-version":[{"id":249,"href":"https:\/\/www.ergolouny.cz\/index.php?rest_route=\/wp\/v2\/pages\/28\/revisions\/249"}],"wp:attachment":[{"href":"https:\/\/www.ergolouny.cz\/index.php?rest_route=%2Fwp%2Fv2%2Fmedia&parent=28"}],"curies":[{"name":"wp","href":"https:\/\/api.w.org\/{rel}","templated":true}]}}